{"id":136,"date":"2022-08-11T22:34:48","date_gmt":"2022-08-11T20:34:48","guid":{"rendered":"http:\/\/bcestre.fr\/?page_id=136"},"modified":"2024-10-14T16:15:35","modified_gmt":"2024-10-14T14:15:35","slug":"accueil","status":"publish","type":"page","link":"https:\/\/bcestre.fr\/","title":{"rendered":"Accueil"},"content":{"rendered":"\t\t<div data-elementor-type=\"wp-page\" data-elementor-id=\"136\" class=\"elementor elementor-136\">\n\t\t\t\t<div class=\"elementor-element elementor-element-f214135 e-flex e-con-boxed e-con e-parent\" data-id=\"f214135\" data-element_type=\"container\" data-e-type=\"container\">\n\t\t\t\t\t<div class=\"e-con-inner\">\n\t\t\t\t<div class=\"elementor-element elementor-element-0abd1c3 elementor-align-justify elementor-widget elementor-widget-button\" data-id=\"0abd1c3\" data-element_type=\"widget\" data-e-type=\"widget\" data-widget_type=\"button.default\">\n\t\t\t\t<div class=\"elementor-widget-container\">\n\t\t\t\t\t\t\t\t\t<div class=\"elementor-button-wrapper\">\n\t\t\t\t\t<a class=\"elementor-button elementor-button-link elementor-size-xl elementor-animation-grow\" href=\"https:\/\/www.doctolib.fr\/osteopathe\/meaux\/benedicte-cestre?pid=practice-311402\">\n\t\t\t\t\t\t<span class=\"elementor-button-content-wrapper\">\n\t\t\t\t\t\t<span class=\"elementor-button-icon\">\n\t\t\t\t<svg aria-hidden=\"true\" class=\"e-font-icon-svg e-fas-calendar-check\" viewBox=\"0 0 448 512\" xmlns=\"http:\/\/www.w3.org\/2000\/svg\"><path d=\"M436 160H12c-6.627 0-12-5.373-12-12v-36c0-26.51 21.49-48 48-48h48V12c0-6.627 5.373-12 12-12h40c6.627 0 12 5.373 12 12v52h128V12c0-6.627 5.373-12 12-12h40c6.627 0 12 5.373 12 12v52h48c26.51 0 48 21.49 48 48v36c0 6.627-5.373 12-12 12zM12 192h424c6.627 0 12 5.373 12 12v260c0 26.51-21.49 48-48 48H48c-26.51 0-48-21.49-48-48V204c0-6.627 5.373-12 12-12zm333.296 95.947l-28.169-28.398c-4.667-4.705-12.265-4.736-16.97-.068L194.12 364.665l-45.98-46.352c-4.667-4.705-12.266-4.736-16.971-.068l-28.397 28.17c-4.705 4.667-4.736 12.265-.068 16.97l82.601 83.269c4.667 4.705 12.265 4.736 16.97.068l142.953-141.805c4.705-4.667 4.736-12.265.068-16.97z\"><\/path><\/svg>\t\t\t<\/span>\n\t\t\t\t\t\t\t\t\t<span class=\"elementor-button-text\">Prendre RDV en ligne sur Doctolib<\/span>\n\t\t\t\t\t<\/span>\n\t\t\t\t\t<\/a>\n\t\t\t\t<\/div>\n\t\t\t\t\t\t\t\t<\/div>\n\t\t\t\t<\/div>\n\t\t\t\t<div class=\"elementor-element elementor-element-bdf55b4 elementor-invisible elementor-widget elementor-widget-text-editor\" data-id=\"bdf55b4\" data-element_type=\"widget\" data-e-type=\"widget\" data-settings=\"{&quot;_animation&quot;:&quot;zoomIn&quot;}\" data-widget_type=\"text-editor.default\">\n\t\t\t\t<div class=\"elementor-widget-container\">\n\t\t\t\t\t\t\t\t\t<p>Ch\u00e8res patientes, chers patients,<\/p><p>Pour acc\u00e9der au cabinet d&rsquo;ost\u00e9opathie, contournez la maison de sant\u00e9 par l&rsquo;ext\u00e9rieur et suivez la <u><b>signal\u00e9tique jusqu&rsquo;\u00e0 l&rsquo;entr\u00e9e num\u00e9ro 6<\/b><\/u>.<\/p>\t\t\t\t\t\t\t\t<\/div>\n\t\t\t\t<\/div>\n\t\t\t\t\t<\/div>\n\t\t\t\t<\/div>\n\t\t<div class=\"elementor-element elementor-element-2fd8938 e-flex e-con-boxed elementor-invisible e-con e-parent\" data-id=\"2fd8938\" data-element_type=\"container\" data-e-type=\"container\" data-settings=\"{&quot;animation&quot;:&quot;fadeInDown&quot;}\">\n\t\t\t\t\t<div class=\"e-con-inner\">\n\t\t<div class=\"elementor-element elementor-element-6f18cd5 e-con-full e-flex e-con e-child\" data-id=\"6f18cd5\" data-element_type=\"container\" data-e-type=\"container\">\n\t\t\t\t<div class=\"elementor-element elementor-element-8cd3bba elementor-widget elementor-widget-text-editor\" data-id=\"8cd3bba\" data-element_type=\"widget\" data-e-type=\"widget\" data-widget_type=\"text-editor.default\">\n\t\t\t\t<div class=\"elementor-widget-container\">\n\t\t\t\t\t\t\t\t\t<p><img fetchpriority=\"high\" decoding=\"async\" class=\"aligncenter wp-image-340 size-large\" src=\"https:\/\/bcestre.fr\/wp-content\/uploads\/2022\/08\/Accueil-Site-768x1024.jpg\" alt=\"\" width=\"767\" height=\"1023\" srcset=\"https:\/\/bcestre.fr\/wp-content\/uploads\/2022\/08\/Accueil-Site-768x1024.jpg 768w, https:\/\/bcestre.fr\/wp-content\/uploads\/2022\/08\/Accueil-Site-225x300.jpg 225w, https:\/\/bcestre.fr\/wp-content\/uploads\/2022\/08\/Accueil-Site-1152x1536.jpg 1152w, https:\/\/bcestre.fr\/wp-content\/uploads\/2022\/08\/Accueil-Site-1536x2048.jpg 1536w, https:\/\/bcestre.fr\/wp-content\/uploads\/2022\/08\/Accueil-Site-45x60.jpg 45w, https:\/\/bcestre.fr\/wp-content\/uploads\/2022\/08\/Accueil-Site-scaled.jpg 1920w\" sizes=\"(max-width: 767px) 100vw, 767px\" \/><\/p><p>Je vous accueille dans mon cabinet d\u2019ost\u00e9opathie, au sein de la maison de sant\u00e9 situ\u00e9e au <strong>2 rue des Loges \u00e0 Nouvoitou (35410).<\/strong><\/p>\t\t\t\t\t\t\t\t<\/div>\n\t\t\t\t<\/div>\n\t\t\t\t<\/div>\n\t\t<div class=\"elementor-element elementor-element-f305356 e-con-full e-flex e-con e-child\" data-id=\"f305356\" data-element_type=\"container\" data-e-type=\"container\">\n\t\t\t\t<div class=\"elementor-element elementor-element-9a1863c elementor-widget elementor-widget-image-gallery\" data-id=\"9a1863c\" data-element_type=\"widget\" data-e-type=\"widget\" data-widget_type=\"image-gallery.default\">\n\t\t\t\t<div class=\"elementor-widget-container\">\n\t\t\t\t\t\t\t<div class=\"elementor-image-gallery\">\n\t\t\t<div id='gallery-1' class='gallery galleryid-136 gallery-columns-1 gallery-size-medium_large'><figure class='gallery-item'>\n\t\t\t<div class='gallery-icon portrait'>\n\t\t\t\t<a data-elementor-open-lightbox=\"yes\" data-elementor-lightbox-slideshow=\"9a1863c\" data-elementor-lightbox-title=\"442363D6-485B-4136-8B4D-959A1899A070\" data-e-action-hash=\"#elementor-action%3Aaction%3Dlightbox%26settings%3DeyJpZCI6NjcyLCJ1cmwiOiJodHRwczpcL1wvYmNlc3RyZS5mclwvd3AtY29udGVudFwvdXBsb2Fkc1wvMjAyM1wvMTFcLzQ0MjM2M0Q2LTQ4NUItNDEzNi04QjRELTk1OUExODk5QTA3MC5qcGciLCJzbGlkZXNob3ciOiI5YTE4NjNjIn0%3D\" href='https:\/\/bcestre.fr\/wp-content\/uploads\/2023\/11\/442363D6-485B-4136-8B4D-959A1899A070.jpg'><img decoding=\"async\" width=\"768\" height=\"775\" src=\"https:\/\/bcestre.fr\/wp-content\/uploads\/2023\/11\/442363D6-485B-4136-8B4D-959A1899A070-768x775.jpg\" class=\"attachment-medium_large size-medium_large\" alt=\"\" srcset=\"https:\/\/bcestre.fr\/wp-content\/uploads\/2023\/11\/442363D6-485B-4136-8B4D-959A1899A070-768x775.jpg 768w, https:\/\/bcestre.fr\/wp-content\/uploads\/2023\/11\/442363D6-485B-4136-8B4D-959A1899A070-297x300.jpg 297w, https:\/\/bcestre.fr\/wp-content\/uploads\/2023\/11\/442363D6-485B-4136-8B4D-959A1899A070-1015x1024.jpg 1015w, https:\/\/bcestre.fr\/wp-content\/uploads\/2023\/11\/442363D6-485B-4136-8B4D-959A1899A070-150x150.jpg 150w, https:\/\/bcestre.fr\/wp-content\/uploads\/2023\/11\/442363D6-485B-4136-8B4D-959A1899A070-59x60.jpg 59w, https:\/\/bcestre.fr\/wp-content\/uploads\/2023\/11\/442363D6-485B-4136-8B4D-959A1899A070.jpg 1269w\" sizes=\"(max-width: 768px) 100vw, 768px\" \/><\/a>\n\t\t\t<\/div><\/figure><figure class='gallery-item'>\n\t\t\t<div class='gallery-icon portrait'>\n\t\t\t\t<a data-elementor-open-lightbox=\"yes\" data-elementor-lightbox-slideshow=\"9a1863c\" data-elementor-lightbox-title=\"IMG_9918\" data-e-action-hash=\"#elementor-action%3Aaction%3Dlightbox%26settings%3DeyJpZCI6NjYwLCJ1cmwiOiJodHRwczpcL1wvYmNlc3RyZS5mclwvd3AtY29udGVudFwvdXBsb2Fkc1wvMjAyM1wvMTFcL0lNR185OTE4LmpwZyIsInNsaWRlc2hvdyI6IjlhMTg2M2MifQ%3D%3D\" href='https:\/\/bcestre.fr\/wp-content\/uploads\/2023\/11\/IMG_9918.jpg'><img decoding=\"async\" width=\"768\" height=\"1025\" src=\"https:\/\/bcestre.fr\/wp-content\/uploads\/2023\/11\/IMG_9918-768x1025.jpg\" class=\"attachment-medium_large size-medium_large\" alt=\"\" srcset=\"https:\/\/bcestre.fr\/wp-content\/uploads\/2023\/11\/IMG_9918-768x1025.jpg 768w, https:\/\/bcestre.fr\/wp-content\/uploads\/2023\/11\/IMG_9918-225x300.jpg 225w, https:\/\/bcestre.fr\/wp-content\/uploads\/2023\/11\/IMG_9918-767x1024.jpg 767w, https:\/\/bcestre.fr\/wp-content\/uploads\/2023\/11\/IMG_9918-45x60.jpg 45w, https:\/\/bcestre.fr\/wp-content\/uploads\/2023\/11\/IMG_9918.jpg 959w\" sizes=\"(max-width: 768px) 100vw, 768px\" \/><\/a>\n\t\t\t<\/div><\/figure><figure class='gallery-item'>\n\t\t\t<div class='gallery-icon portrait'>\n\t\t\t\t<a data-elementor-open-lightbox=\"yes\" data-elementor-lightbox-slideshow=\"9a1863c\" data-elementor-lightbox-title=\"IMG_9933\" data-e-action-hash=\"#elementor-action%3Aaction%3Dlightbox%26settings%3DeyJpZCI6NjYxLCJ1cmwiOiJodHRwczpcL1wvYmNlc3RyZS5mclwvd3AtY29udGVudFwvdXBsb2Fkc1wvMjAyM1wvMTFcL0lNR185OTMzLmpwZyIsInNsaWRlc2hvdyI6IjlhMTg2M2MifQ%3D%3D\" href='https:\/\/bcestre.fr\/wp-content\/uploads\/2023\/11\/IMG_9933.jpg'><img loading=\"lazy\" decoding=\"async\" width=\"768\" height=\"1024\" src=\"https:\/\/bcestre.fr\/wp-content\/uploads\/2023\/11\/IMG_9933-768x1024.jpg\" class=\"attachment-medium_large size-medium_large\" alt=\"\" srcset=\"https:\/\/bcestre.fr\/wp-content\/uploads\/2023\/11\/IMG_9933-768x1024.jpg 768w, https:\/\/bcestre.fr\/wp-content\/uploads\/2023\/11\/IMG_9933-225x300.jpg 225w, https:\/\/bcestre.fr\/wp-content\/uploads\/2023\/11\/IMG_9933-1152x1536.jpg 1152w, https:\/\/bcestre.fr\/wp-content\/uploads\/2023\/11\/IMG_9933-45x60.jpg 45w, https:\/\/bcestre.fr\/wp-content\/uploads\/2023\/11\/IMG_9933.jpg 1512w\" sizes=\"(max-width: 768px) 100vw, 768px\" \/><\/a>\n\t\t\t<\/div><\/figure>\n\t\t<\/div>\n\t\t<\/div>\n\t\t\t\t\t\t<\/div>\n\t\t\t\t<\/div>\n\t\t\t\t<\/div>\n\t\t\t\t\t<\/div>\n\t\t\t\t<\/div>\n\t\t\t\t<\/div>\n\t\t","protected":false},"excerpt":{"rendered":"<p>Prendre RDV en ligne sur Doctolib Ch\u00e8res patientes, chers patients, Pour acc\u00e9der au cabinet d&rsquo;ost\u00e9opathie, contournez la maison de sant\u00e9 par l&rsquo;ext\u00e9rieur et suivez la signal\u00e9tique jusqu&rsquo;\u00e0 l&rsquo;entr\u00e9e num\u00e9ro 6. &hellip; <\/p>\n","protected":false},"author":1,"featured_media":0,"parent":0,"menu_order":0,"comment_status":"closed","ping_status":"closed","template":"","meta":{"footnotes":""},"class_list":["post-136","page","type-page","status-publish","hentry"],"_links":{"self":[{"href":"https:\/\/bcestre.fr\/index.php?rest_route=\/wp\/v2\/pages\/136","targetHints":{"allow":["GET"]}}],"collection":[{"href":"https:\/\/bcestre.fr\/index.php?rest_route=\/wp\/v2\/pages"}],"about":[{"href":"https:\/\/bcestre.fr\/index.php?rest_route=\/wp\/v2\/types\/page"}],"author":[{"embeddable":true,"href":"https:\/\/bcestre.fr\/index.php?rest_route=\/wp\/v2\/users\/1"}],"replies":[{"embeddable":true,"href":"https:\/\/bcestre.fr\/index.php?rest_route=%2Fwp%2Fv2%2Fcomments&post=136"}],"version-history":[{"count":140,"href":"https:\/\/bcestre.fr\/index.php?rest_route=\/wp\/v2\/pages\/136\/revisions"}],"predecessor-version":[{"id":733,"href":"https:\/\/bcestre.fr\/index.php?rest_route=\/wp\/v2\/pages\/136\/revisions\/733"}],"wp:attachment":[{"href":"https:\/\/bcestre.fr\/index.php?rest_route=%2Fwp%2Fv2%2Fmedia&parent=136"}],"curies":[{"name":"wp","href":"https:\/\/api.w.org\/{rel}","templated":true}]}}