{"id":141,"date":"2022-08-11T22:41:18","date_gmt":"2022-08-11T20:41:18","guid":{"rendered":"http:\/\/bcestre.fr\/?page_id=141"},"modified":"2024-06-20T11:37:00","modified_gmt":"2024-06-20T09:37:00","slug":"contact","status":"publish","type":"page","link":"https:\/\/bcestre.fr\/?page_id=141","title":{"rendered":"Prendre RDV \/ Contact \/ Acc\u00e8s"},"content":{"rendered":"\t\t<div data-elementor-type=\"wp-page\" data-elementor-id=\"141\" class=\"elementor elementor-141\">\n\t\t\t\t<div class=\"elementor-element elementor-element-fd3e866 e-flex e-con-boxed e-con e-parent\" data-id=\"fd3e866\" data-element_type=\"container\" data-e-type=\"container\">\n\t\t\t\t\t<div class=\"e-con-inner\">\n\t\t\t\t<div class=\"elementor-element elementor-element-4ff1dd3 elementor-align-center animated-slow elementor-invisible elementor-widget elementor-widget-button\" data-id=\"4ff1dd3\" data-element_type=\"widget\" data-e-type=\"widget\" data-settings=\"{&quot;_animation&quot;:&quot;zoomIn&quot;,&quot;_animation_delay&quot;:100}\" data-widget_type=\"button.default\">\n\t\t\t\t<div class=\"elementor-widget-container\">\n\t\t\t\t\t\t\t\t\t<div class=\"elementor-button-wrapper\">\n\t\t\t\t\t<a class=\"elementor-button elementor-button-link elementor-size-md elementor-animation-shrink\" href=\"https:\/\/www.doctolib.fr\/osteopathe\/meaux\/benedicte-cestre?pid=practice-311402\" target=\"_blank\">\n\t\t\t\t\t\t<span class=\"elementor-button-content-wrapper\">\n\t\t\t\t\t\t\t\t\t<span class=\"elementor-button-text\">Prendre RDV en ligne<\/span>\n\t\t\t\t\t<\/span>\n\t\t\t\t\t<\/a>\n\t\t\t\t<\/div>\n\t\t\t\t\t\t\t\t<\/div>\n\t\t\t\t<\/div>\n\t\t\t\t\t<\/div>\n\t\t\t\t<\/div>\n\t\t<div class=\"elementor-element elementor-element-17536b4 e-flex e-con-boxed e-con e-parent\" data-id=\"17536b4\" data-element_type=\"container\" data-e-type=\"container\">\n\t\t\t\t\t<div class=\"e-con-inner\">\n\t\t\t\t<div class=\"elementor-element elementor-element-0dd9b1e elementor-widget elementor-widget-text-editor\" data-id=\"0dd9b1e\" data-element_type=\"widget\" data-e-type=\"widget\" data-widget_type=\"text-editor.default\">\n\t\t\t\t<div class=\"elementor-widget-container\">\n\t\t\t\t\t\t\t\t\t<p><b>Acc\u00e8s <\/b>:&nbsp;<\/p>\n<p>&#8211; Voiture &#8211; parking gratuit&nbsp;<\/p>\n<p>&#8211; Bus STAR 75 arr\u00eat Menault&nbsp;<\/p>\t\t\t\t\t\t\t\t<\/div>\n\t\t\t\t<\/div>\n\t\t\t\t<div class=\"elementor-element elementor-element-4a739b6 elementor-widget elementor-widget-text-editor\" data-id=\"4a739b6\" data-element_type=\"widget\" data-e-type=\"widget\" data-widget_type=\"text-editor.default\">\n\t\t\t\t<div class=\"elementor-widget-container\">\n\t\t\t\t\t\t\t\t\t<p><strong>B\u00e9n\u00e9dicte CESTRE &#8211; Ost\u00e9opathe<\/strong><\/p><p>Maison de sant\u00e9<\/p><p>2 rue des Loges &#8211; 35410 NOUVOITOU<\/p><p>07 66 86 52 24<\/p><p>cestre.osteopathe@gmail.com<\/p>\t\t\t\t\t\t\t\t<\/div>\n\t\t\t\t<\/div>\n\t\t\t\t\t<\/div>\n\t\t\t\t<\/div>\n\t\t<div class=\"elementor-element elementor-element-88d1638 e-flex e-con-boxed e-con e-parent\" data-id=\"88d1638\" data-element_type=\"container\" data-e-type=\"container\">\n\t\t\t\t\t<div class=\"e-con-inner\">\n\t\t\t\t<div class=\"elementor-element elementor-element-0f4fd57 elementor-widget elementor-widget-image\" data-id=\"0f4fd57\" data-element_type=\"widget\" data-e-type=\"widget\" data-widget_type=\"image.default\">\n\t\t\t\t<div class=\"elementor-widget-container\">\n\t\t\t\t\t\t\t\t\t\t\t\t\t\t\t<img fetchpriority=\"high\" decoding=\"async\" width=\"768\" height=\"576\" src=\"https:\/\/bcestre.fr\/wp-content\/uploads\/2024\/06\/IMG_3773-768x576.jpg\" class=\"attachment-medium_large size-medium_large wp-image-720\" alt=\"\" srcset=\"https:\/\/bcestre.fr\/wp-content\/uploads\/2024\/06\/IMG_3773-768x576.jpg 768w, https:\/\/bcestre.fr\/wp-content\/uploads\/2024\/06\/IMG_3773-300x225.jpg 300w, https:\/\/bcestre.fr\/wp-content\/uploads\/2024\/06\/IMG_3773-1024x768.jpg 1024w, https:\/\/bcestre.fr\/wp-content\/uploads\/2024\/06\/IMG_3773-1536x1152.jpg 1536w, https:\/\/bcestre.fr\/wp-content\/uploads\/2024\/06\/IMG_3773-80x60.jpg 80w, https:\/\/bcestre.fr\/wp-content\/uploads\/2024\/06\/IMG_3773-640x480.jpg 640w, https:\/\/bcestre.fr\/wp-content\/uploads\/2024\/06\/IMG_3773-110x83.jpg 110w, https:\/\/bcestre.fr\/wp-content\/uploads\/2024\/06\/IMG_3773.jpg 2016w\" sizes=\"(max-width: 768px) 100vw, 768px\" \/>\t\t\t\t\t\t\t\t\t\t\t\t\t\t\t<\/div>\n\t\t\t\t<\/div>\n\t\t\t\t<div class=\"elementor-element elementor-element-c7bedc4 elementor-widget elementor-widget-google_maps\" data-id=\"c7bedc4\" data-element_type=\"widget\" data-e-type=\"widget\" data-widget_type=\"google_maps.default\">\n\t\t\t\t<div class=\"elementor-widget-container\">\n\t\t\t\t\t\t\t<div class=\"elementor-custom-embed\">\n\t\t\t<iframe loading=\"lazy\"\n\t\t\t\t\tsrc=\"https:\/\/maps.google.com\/maps?q=2%20rue%20des%20loges%20nouvoitou&#038;t=m&#038;z=14&#038;output=embed&#038;iwloc=near\"\n\t\t\t\t\ttitle=\"2 rue des loges nouvoitou\"\n\t\t\t\t\taria-label=\"2 rue des loges nouvoitou\"\n\t\t\t><\/iframe>\n\t\t<\/div>\n\t\t\t\t\t\t<\/div>\n\t\t\t\t<\/div>\n\t\t\t\t\t<\/div>\n\t\t\t\t<\/div>\n\t\t<div class=\"elementor-element elementor-element-c09d4b1 e-flex e-con-boxed e-con e-parent\" data-id=\"c09d4b1\" data-element_type=\"container\" data-e-type=\"container\">\n\t\t\t\t\t<div class=\"e-con-inner\">\n\t\t\t\t<div class=\"elementor-element elementor-element-cee30a0 elementor-widget elementor-widget-spacer\" data-id=\"cee30a0\" data-element_type=\"widget\" data-e-type=\"widget\" data-widget_type=\"spacer.default\">\n\t\t\t\t<div class=\"elementor-widget-container\">\n\t\t\t\t\t\t\t<div class=\"elementor-spacer\">\n\t\t\t<div class=\"elementor-spacer-inner\"><\/div>\n\t\t<\/div>\n\t\t\t\t\t\t<\/div>\n\t\t\t\t<\/div>\n\t\t\t\t\t<\/div>\n\t\t\t\t<\/div>\n\t\t\t\t<\/div>\n\t\t","protected":false},"excerpt":{"rendered":"<p>Prendre RDV en ligne Acc\u00e8s :&nbsp; &#8211; Voiture &#8211; parking gratuit&nbsp; &#8211; Bus STAR 75 arr\u00eat Menault&nbsp; B\u00e9n\u00e9dicte CESTRE &#8211; Ost\u00e9opathe Maison de sant\u00e9 2 rue des Loges &#8211; 35410 &hellip; <\/p>\n","protected":false},"author":1,"featured_media":0,"parent":0,"menu_order":0,"comment_status":"closed","ping_status":"closed","template":"","meta":{"footnotes":""},"class_list":["post-141","page","type-page","status-publish","hentry"],"_links":{"self":[{"href":"https:\/\/bcestre.fr\/index.php?rest_route=\/wp\/v2\/pages\/141","targetHints":{"allow":["GET"]}}],"collection":[{"href":"https:\/\/bcestre.fr\/index.php?rest_route=\/wp\/v2\/pages"}],"about":[{"href":"https:\/\/bcestre.fr\/index.php?rest_route=\/wp\/v2\/types\/page"}],"author":[{"embeddable":true,"href":"https:\/\/bcestre.fr\/index.php?rest_route=\/wp\/v2\/users\/1"}],"replies":[{"embeddable":true,"href":"https:\/\/bcestre.fr\/index.php?rest_route=%2Fwp%2Fv2%2Fcomments&post=141"}],"version-history":[{"count":56,"href":"https:\/\/bcestre.fr\/index.php?rest_route=\/wp\/v2\/pages\/141\/revisions"}],"predecessor-version":[{"id":723,"href":"https:\/\/bcestre.fr\/index.php?rest_route=\/wp\/v2\/pages\/141\/revisions\/723"}],"wp:attachment":[{"href":"https:\/\/bcestre.fr\/index.php?rest_route=%2Fwp%2Fv2%2Fmedia&parent=141"}],"curies":[{"name":"wp","href":"https:\/\/api.w.org\/{rel}","templated":true}]}}