{"id":147,"date":"2022-08-11T22:46:51","date_gmt":"2022-08-11T20:46:51","guid":{"rendered":"http:\/\/bcestre.fr\/?page_id=147"},"modified":"2022-10-21T14:37:03","modified_gmt":"2022-10-21T12:37:03","slug":"pour-qui-pour-quoi","status":"publish","type":"page","link":"https:\/\/bcestre.fr\/?page_id=147","title":{"rendered":"L&rsquo;ost\u00e9opathie : Pour qui ? Pour quoi ?"},"content":{"rendered":"\t\t<div data-elementor-type=\"wp-page\" data-elementor-id=\"147\" class=\"elementor elementor-147\">\n\t\t\t\t<div class=\"elementor-element elementor-element-628b064 e-con-full e-flex e-con e-parent\" data-id=\"628b064\" data-element_type=\"container\" data-e-type=\"container\">\n\t\t\t\t<div class=\"elementor-element elementor-element-45b143d elementor-widget elementor-widget-heading\" data-id=\"45b143d\" data-element_type=\"widget\" data-e-type=\"widget\" data-widget_type=\"heading.default\">\n\t\t\t\t<div class=\"elementor-widget-container\">\n\t\t\t\t\t<h2 class=\"elementor-heading-title elementor-size-default\">L' ost\u00e9opathie, qu'est ce que c'est ?<\/h2>\t\t\t\t<\/div>\n\t\t\t\t<\/div>\n\t\t\t\t<\/div>\n\t\t<div class=\"elementor-element elementor-element-2f20fab e-flex e-con-boxed e-con e-parent\" data-id=\"2f20fab\" data-element_type=\"container\" data-e-type=\"container\">\n\t\t\t\t\t<div class=\"e-con-inner\">\n\t\t\t\t<div class=\"elementor-element elementor-element-d6ec731 elementor-widget elementor-widget-text-editor\" data-id=\"d6ec731\" data-element_type=\"widget\" data-e-type=\"widget\" data-widget_type=\"text-editor.default\">\n\t\t\t\t<div class=\"elementor-widget-container\">\n\t\t\t\t\t\t\t\t\t<p><em>\u00ab\u00a0L&rsquo;ost\u00e9opathie est l&rsquo;art de diagnostiquer et de traiter, par la main, les dysfonctions de la micromobilit\u00e9 des tissus du corps, qui entra\u00eenent des troubles fonctionnels pouvant perturber l&rsquo;\u00e9tat de sant\u00e9\u00a0\u00bb.\u00a0<\/em><\/p><p>(D\u00e9finition extraite du R\u00e9f\u00e9rentiel Profession Ost\u00e9opathe\u00a0<span style=\"font-family: Calibri, sans-serif; font-size: 14.6667px; text-align: center;\">\u00ae)<\/span><\/p><p>Il s&rsquo;agit d&rsquo;une prise en charge douce et manuelle dont l&rsquo;objectif est de d\u00e9tecter et de lib\u00e9rer, par des gestes et techniques ost\u00e9opathiques, les restrictions de mobilit\u00e9, et les tensions qui sont \u00e0 l&rsquo;origine d&rsquo;un processus pathologique. Il s&rsquo;agit d&rsquo;une prise en charge globale, qui s&rsquo;int\u00e9resse \u00e0 l&rsquo;int\u00e9gralit\u00e9 du corps et cherche \u00e0 d\u00e9terminer l&rsquo;origine des \u00e9ventuelles douleurs ou troubles d\u00e9crits par le patient.\u00a0<\/p><p>L&rsquo;ost\u00e9opathe utilise diff\u00e9rents types de techniques (structurelles, fasciales, cr\u00e2niennes, visc\u00e9rales etc..) afin d&rsquo;investiguer tous les syst\u00e8mes du corps (muscles, articulations, visc\u00e8res, cr\u00e2ne, fascias, syst\u00e8me nerveux, vasculaire&#8230;) et ainsi mettre en place le traitement le plus personnalis\u00e9 et adapt\u00e9 \u00e0 chaque patient.\u00a0<\/p>\t\t\t\t\t\t\t\t<\/div>\n\t\t\t\t<\/div>\n\t\t\t\t<div class=\"elementor-element elementor-element-ad346e4 elementor-tabs-view-horizontal elementor-invisible elementor-widget elementor-widget-tabs\" data-id=\"ad346e4\" data-element_type=\"widget\" data-e-type=\"widget\" data-settings=\"{&quot;_animation&quot;:&quot;slideInLeft&quot;}\" data-widget_type=\"tabs.default\">\n\t\t\t\t<div class=\"elementor-widget-container\">\n\t\t\t\t\t\t\t<div class=\"elementor-tabs\">\n\t\t\t<div class=\"elementor-tabs-wrapper\" role=\"tablist\" >\n\t\t\t\t\t\t\t\t\t<div id=\"elementor-tab-title-1811\" class=\"elementor-tab-title elementor-tab-desktop-title\" aria-selected=\"true\" data-tab=\"1\" role=\"tab\" tabindex=\"0\" aria-controls=\"elementor-tab-content-1811\" aria-expanded=\"false\">Adultes<\/div>\n\t\t\t\t\t\t\t\t\t<div id=\"elementor-tab-title-1812\" class=\"elementor-tab-title elementor-tab-desktop-title\" aria-selected=\"false\" data-tab=\"2\" role=\"tab\" tabindex=\"-1\" aria-controls=\"elementor-tab-content-1812\" aria-expanded=\"false\">Sportifs<\/div>\n\t\t\t\t\t\t\t\t\t<div id=\"elementor-tab-title-1813\" class=\"elementor-tab-title elementor-tab-desktop-title\" aria-selected=\"false\" data-tab=\"3\" role=\"tab\" tabindex=\"-1\" aria-controls=\"elementor-tab-content-1813\" aria-expanded=\"false\">Femmes enceintes<\/div>\n\t\t\t\t\t\t\t\t\t<div id=\"elementor-tab-title-1814\" class=\"elementor-tab-title elementor-tab-desktop-title\" aria-selected=\"false\" data-tab=\"4\" role=\"tab\" tabindex=\"-1\" aria-controls=\"elementor-tab-content-1814\" aria-expanded=\"false\">Nourrissons et enfants<\/div>\n\t\t\t\t\t\t\t<\/div>\n\t\t\t<div class=\"elementor-tabs-content-wrapper\" role=\"tablist\" aria-orientation=\"vertical\">\n\t\t\t\t\t\t\t\t\t<div class=\"elementor-tab-title elementor-tab-mobile-title\" aria-selected=\"true\" data-tab=\"1\" role=\"tab\" tabindex=\"0\" aria-controls=\"elementor-tab-content-1811\" aria-expanded=\"false\">Adultes<\/div>\n\t\t\t\t\t<div id=\"elementor-tab-content-1811\" class=\"elementor-tab-content elementor-clearfix\" data-tab=\"1\" role=\"tabpanel\" aria-labelledby=\"elementor-tab-title-1811\" tabindex=\"0\" hidden=\"false\"><p><img fetchpriority=\"high\" decoding=\"async\" class=\"aligncenter wp-image-177 size-large\" src=\"https:\/\/bcestre.fr\/wp-content\/uploads\/2022\/08\/osteopathy-patient-getting-treatment-massage-1-2-1024x681.jpg\" alt=\"\" width=\"767\" height=\"510\" srcset=\"https:\/\/bcestre.fr\/wp-content\/uploads\/2022\/08\/osteopathy-patient-getting-treatment-massage-1-2-1024x681.jpg 1024w, https:\/\/bcestre.fr\/wp-content\/uploads\/2022\/08\/osteopathy-patient-getting-treatment-massage-1-2-300x200.jpg 300w, https:\/\/bcestre.fr\/wp-content\/uploads\/2022\/08\/osteopathy-patient-getting-treatment-massage-1-2-768x511.jpg 768w, https:\/\/bcestre.fr\/wp-content\/uploads\/2022\/08\/osteopathy-patient-getting-treatment-massage-1-2-1536x1022.jpg 1536w, https:\/\/bcestre.fr\/wp-content\/uploads\/2022\/08\/osteopathy-patient-getting-treatment-massage-1-2-2048x1363.jpg 2048w, https:\/\/bcestre.fr\/wp-content\/uploads\/2022\/08\/osteopathy-patient-getting-treatment-massage-1-2-90x60.jpg 90w, https:\/\/bcestre.fr\/wp-content\/uploads\/2022\/08\/osteopathy-patient-getting-treatment-massage-1-2-370x247.jpg 370w, https:\/\/bcestre.fr\/wp-content\/uploads\/2022\/08\/osteopathy-patient-getting-treatment-massage-1-2-776x517.jpg 776w\" sizes=\"(max-width: 767px) 100vw, 767px\" \/><\/p><p>Ant\u00e9c\u00e9dents traumatiques, chirurgicaux, m\u00e9dicaux, ou m\u00eame \u00e9motionnels, s\u00e9dentarit\u00e9 ou au contrainte hypermobilit\u00e9, ports de charges r\u00e9p\u00e9t\u00e9s dans votre activit\u00e9 professionnelle, fatigue, stress etc\u2026 votre corps subit peut \u00eatre des contraintes ou des d\u00e9s\u00e9quilibres qui pourraient entra\u00eener un inconfort voire des douleurs. N\u2019h\u00e9sitez donc pas \u00e0 consulter en cas de sympt\u00f4mes d\u00e9j\u00e0 pr\u00e9sents, ou tout simplement pour r\u00e9aliser un bilan ost\u00e9opathique et ainsi avoir une action pr\u00e9ventive.<\/p><p>Certains motifs de consultation n\u00e9cessiteront un suivi sur plusieurs s\u00e9ances afin de vous soulager sur du long terme et vous soulager durablement.<\/p><p>-Bilan, consultation pr\u00e9ventive<\/p><p>-Douleurs musculaires<\/p><p>-Douleurs articulaires<\/p><p>-Maux de dos<\/p><p>-Torticolis<\/p><p>-Troubles digestifs<\/p><p>-Maux de t\u00eate<\/p><p>-Troubles du sommeil<\/p><p>-s\u00e9quelles de traumatismes<\/p><p>-Troubles de la fertilit\u00e9, accompagnement des parcours PMA<\/p><p>\u00a0<\/p><\/div>\n\t\t\t\t\t\t\t\t\t<div class=\"elementor-tab-title elementor-tab-mobile-title\" aria-selected=\"false\" data-tab=\"2\" role=\"tab\" tabindex=\"-1\" aria-controls=\"elementor-tab-content-1812\" aria-expanded=\"false\">Sportifs<\/div>\n\t\t\t\t\t<div id=\"elementor-tab-content-1812\" class=\"elementor-tab-content elementor-clearfix\" data-tab=\"2\" role=\"tabpanel\" aria-labelledby=\"elementor-tab-title-1812\" tabindex=\"0\" hidden=\"hidden\"><p><img decoding=\"async\" class=\"aligncenter wp-image-186 size-large\" src=\"https:\/\/bcestre.fr\/wp-content\/uploads\/2022\/08\/pexels-victor-freitas-841130-1024x683.jpg\" alt=\"\" width=\"767\" height=\"512\" srcset=\"https:\/\/bcestre.fr\/wp-content\/uploads\/2022\/08\/pexels-victor-freitas-841130-1024x683.jpg 1024w, https:\/\/bcestre.fr\/wp-content\/uploads\/2022\/08\/pexels-victor-freitas-841130-300x200.jpg 300w, https:\/\/bcestre.fr\/wp-content\/uploads\/2022\/08\/pexels-victor-freitas-841130-768x512.jpg 768w, https:\/\/bcestre.fr\/wp-content\/uploads\/2022\/08\/pexels-victor-freitas-841130-1536x1024.jpg 1536w, https:\/\/bcestre.fr\/wp-content\/uploads\/2022\/08\/pexels-victor-freitas-841130-2048x1365.jpg 2048w, https:\/\/bcestre.fr\/wp-content\/uploads\/2022\/08\/pexels-victor-freitas-841130-90x60.jpg 90w, https:\/\/bcestre.fr\/wp-content\/uploads\/2022\/08\/pexels-victor-freitas-841130-370x247.jpg 370w, https:\/\/bcestre.fr\/wp-content\/uploads\/2022\/08\/pexels-victor-freitas-841130-776x517.jpg 776w\" sizes=\"(max-width: 767px) 100vw, 767px\" \/><\/p><p>Que vous soyez sportifs occasionnels ou r\u00e9gulier, la pratique d\u2019un sport peut \u00eatre \u00e0 l\u2019origine de contraintes r\u00e9p\u00e9t\u00e9es sur votre organisme. Un suivi r\u00e9gulier de chez un ost\u00e9opathe est donc fortement recommand\u00e9 afin de pr\u00e9venir l\u2019apparition de blessure, ainsi que pour vous apporter confort, aisance et gain de performance dans votre pratique. Vous pouvez \u00e9galement consulter en cas de blessure, en compl\u00e9ment d\u2019une r\u00e9\u00e9ducation en kin\u00e9sith\u00e9rapie, afin de faciliter la r\u00e9cup\u00e9ration.<\/p><p>-Accompagnement pr\u00e9 et post \u00e9preuve sportive<\/p><p>-Aide \u00e0 la r\u00e9cup\u00e9ration<\/p><p>-Entorses<\/p><p>-Tendinopathie<\/p><p>-Pubalgies<\/p><p>-P\u00e9riostite<\/p><p>-Tennis ou Golf Elbow<\/p><\/div>\n\t\t\t\t\t\t\t\t\t<div class=\"elementor-tab-title elementor-tab-mobile-title\" aria-selected=\"false\" data-tab=\"3\" role=\"tab\" tabindex=\"-1\" aria-controls=\"elementor-tab-content-1813\" aria-expanded=\"false\">Femmes enceintes<\/div>\n\t\t\t\t\t<div id=\"elementor-tab-content-1813\" class=\"elementor-tab-content elementor-clearfix\" data-tab=\"3\" role=\"tabpanel\" aria-labelledby=\"elementor-tab-title-1813\" tabindex=\"0\" hidden=\"hidden\"><p><img decoding=\"async\" class=\"aligncenter wp-image-180 size-large\" src=\"https:\/\/bcestre.fr\/wp-content\/uploads\/2022\/08\/pregnant-g7285449b9_1920-1024x683.jpg\" alt=\"\" width=\"767\" height=\"512\" srcset=\"https:\/\/bcestre.fr\/wp-content\/uploads\/2022\/08\/pregnant-g7285449b9_1920-1024x683.jpg 1024w, https:\/\/bcestre.fr\/wp-content\/uploads\/2022\/08\/pregnant-g7285449b9_1920-300x200.jpg 300w, https:\/\/bcestre.fr\/wp-content\/uploads\/2022\/08\/pregnant-g7285449b9_1920-768x512.jpg 768w, https:\/\/bcestre.fr\/wp-content\/uploads\/2022\/08\/pregnant-g7285449b9_1920-1536x1024.jpg 1536w, https:\/\/bcestre.fr\/wp-content\/uploads\/2022\/08\/pregnant-g7285449b9_1920-90x60.jpg 90w, https:\/\/bcestre.fr\/wp-content\/uploads\/2022\/08\/pregnant-g7285449b9_1920-370x247.jpg 370w, https:\/\/bcestre.fr\/wp-content\/uploads\/2022\/08\/pregnant-g7285449b9_1920-776x517.jpg 776w, https:\/\/bcestre.fr\/wp-content\/uploads\/2022\/08\/pregnant-g7285449b9_1920.jpg 1920w\" sizes=\"(max-width: 767px) 100vw, 767px\" \/><\/p><p>L&rsquo;ost\u00e9opathie permet de soulager un grand nombre de maux d\u00fbs \u00e0 la grossesse,<\/p><p>-Maux de dos<\/p><p>-Sciatiques<\/p><p>-Troubles digestifs<\/p><p>-Reflux gastriques<\/p><p>-Douleurs ligamentaires<\/p><p>-Syndrome de Lacomme<\/p><p>-Constipations<\/p><p>-Maux de t\u00eate<\/p><p>-Jambes lourdes<\/p><p>-Pr\u00e9paration \u00e0 l\u2019accouchement<\/p><p>-Accompagnement Post Partum\u00a0<\/p><p>Un suivi ost\u00e9opathique tout au long de la grossesse, d\u00e8s le 1<sup>er<\/sup> trimestre, permet d&rsquo;aborder celle-ci de fa\u00e7on plus paisible et constitue une bonne pr\u00e9paration \u00e0 l\u2019accouchement. Des conseils et exercices \u00e0 mettre en place vous seront \u00e9galement propos\u00e9s de mani\u00e8re personnalis\u00e9e.<\/p><p>Une s\u00e9ance d&rsquo;ost\u00e9opathie est aussi fortement conseill\u00e9e dans les semaines qui suivent la naissance afin de retrouver un \u00e9quilibre et restaurer une posture de confort.<\/p><\/div>\n\t\t\t\t\t\t\t\t\t<div class=\"elementor-tab-title elementor-tab-mobile-title\" aria-selected=\"false\" data-tab=\"4\" role=\"tab\" tabindex=\"-1\" aria-controls=\"elementor-tab-content-1814\" aria-expanded=\"false\">Nourrissons et enfants<\/div>\n\t\t\t\t\t<div id=\"elementor-tab-content-1814\" class=\"elementor-tab-content elementor-clearfix\" data-tab=\"4\" role=\"tabpanel\" aria-labelledby=\"elementor-tab-title-1814\" tabindex=\"0\" hidden=\"hidden\"><p><img loading=\"lazy\" decoding=\"async\" class=\"wp-image-178 size-large aligncenter\" src=\"https:\/\/bcestre.fr\/wp-content\/uploads\/2022\/08\/adorable-baby-taking-an-interest-in-his-feet-1024x683.jpg\" alt=\"\" width=\"767\" height=\"512\" srcset=\"https:\/\/bcestre.fr\/wp-content\/uploads\/2022\/08\/adorable-baby-taking-an-interest-in-his-feet-1024x683.jpg 1024w, https:\/\/bcestre.fr\/wp-content\/uploads\/2022\/08\/adorable-baby-taking-an-interest-in-his-feet-300x200.jpg 300w, https:\/\/bcestre.fr\/wp-content\/uploads\/2022\/08\/adorable-baby-taking-an-interest-in-his-feet-768x512.jpg 768w, https:\/\/bcestre.fr\/wp-content\/uploads\/2022\/08\/adorable-baby-taking-an-interest-in-his-feet-1536x1024.jpg 1536w, https:\/\/bcestre.fr\/wp-content\/uploads\/2022\/08\/adorable-baby-taking-an-interest-in-his-feet-2048x1365.jpg 2048w, https:\/\/bcestre.fr\/wp-content\/uploads\/2022\/08\/adorable-baby-taking-an-interest-in-his-feet-90x60.jpg 90w, https:\/\/bcestre.fr\/wp-content\/uploads\/2022\/08\/adorable-baby-taking-an-interest-in-his-feet-370x247.jpg 370w, https:\/\/bcestre.fr\/wp-content\/uploads\/2022\/08\/adorable-baby-taking-an-interest-in-his-feet-776x517.jpg 776w\" sizes=\"(max-width: 767px) 100vw, 767px\" \/><\/p><p>L&rsquo;accouchement peut \u00eatre le premier des traumatismes pour le b\u00e9b\u00e9. Trop long, trop court, ou n\u00e9cessitant parfois l&rsquo;utilisation d&rsquo;instruments (spatules, forceps&#8230;), il peut perturber le fonctionnement des structures et occasionner des troubles fonctionnels imm\u00e9diats ou ult\u00e9rieurs\u00a0:<\/p><p>-Coliques<\/p><p>-Reflux gastro \u0153sophagiens (RGO)<\/p><p>-D\u00e9formations cr\u00e2niennes ou \u00ab\u00a0t\u00eates plates\u00a0\u00bb type plagioc\u00e9phalie, brachyc\u00e9phalie, dolichoc\u00e9phalie<\/p><p>-Troubles de la succion<\/p><p>-Accompagnement pr\u00e9 et post fr\u00e9notomie<\/p><p>-Otites<\/p><p>-Bronchiolites<\/p><p>-Inconfort de b\u00e9b\u00e9<\/p><p>Chez l\u2019enfant, l&rsquo;apprentissage de la marche, les chutes, m\u00eames anodines, peuvent provoquer diff\u00e9rents d\u00e9s\u00e9quilibres et troubles. Il est tr\u00e8s important de faire suivre votre enfant tout au long de sa croissance et de son d\u00e9veloppement psycho-moteur\u00a0:<\/p><p>-Troubles de la motricit\u00e9<\/p><p>-Troubles lors de l\u2019acquisition de la marche<\/p><p>-Troubles ORL<\/p><p>-Accompagnement traitement orthodontique<\/p><\/div>\n\t\t\t\t\t\t\t<\/div>\n\t\t<\/div>\n\t\t\t\t\t\t<\/div>\n\t\t\t\t<\/div>\n\t\t\t\t\t<\/div>\n\t\t\t\t<\/div>\n\t\t\t\t<\/div>\n\t\t","protected":false},"excerpt":{"rendered":"<p>L&rsquo; ost\u00e9opathie, qu&rsquo;est ce que c&rsquo;est ? \u00ab\u00a0L&rsquo;ost\u00e9opathie est l&rsquo;art de diagnostiquer et de traiter, par la main, les dysfonctions de la micromobilit\u00e9 des tissus du corps, qui entra\u00eenent des &hellip; <\/p>\n","protected":false},"author":1,"featured_media":0,"parent":0,"menu_order":0,"comment_status":"closed","ping_status":"closed","template":"","meta":{"footnotes":""},"class_list":["post-147","page","type-page","status-publish","hentry"],"_links":{"self":[{"href":"https:\/\/bcestre.fr\/index.php?rest_route=\/wp\/v2\/pages\/147","targetHints":{"allow":["GET"]}}],"collection":[{"href":"https:\/\/bcestre.fr\/index.php?rest_route=\/wp\/v2\/pages"}],"about":[{"href":"https:\/\/bcestre.fr\/index.php?rest_route=\/wp\/v2\/types\/page"}],"author":[{"embeddable":true,"href":"https:\/\/bcestre.fr\/index.php?rest_route=\/wp\/v2\/users\/1"}],"replies":[{"embeddable":true,"href":"https:\/\/bcestre.fr\/index.php?rest_route=%2Fwp%2Fv2%2Fcomments&post=147"}],"version-history":[{"count":119,"href":"https:\/\/bcestre.fr\/index.php?rest_route=\/wp\/v2\/pages\/147\/revisions"}],"predecessor-version":[{"id":557,"href":"https:\/\/bcestre.fr\/index.php?rest_route=\/wp\/v2\/pages\/147\/revisions\/557"}],"wp:attachment":[{"href":"https:\/\/bcestre.fr\/index.php?rest_route=%2Fwp%2Fv2%2Fmedia&parent=147"}],"curies":[{"name":"wp","href":"https:\/\/api.w.org\/{rel}","templated":true}]}}