{"id":151,"date":"2022-08-11T22:48:03","date_gmt":"2022-08-11T20:48:03","guid":{"rendered":"http:\/\/bcestre.fr\/?page_id=151"},"modified":"2023-08-08T13:52:45","modified_gmt":"2023-08-08T11:52:45","slug":"deroule-dune-consultation","status":"publish","type":"page","link":"https:\/\/bcestre.fr\/?page_id=151","title":{"rendered":"D\u00e9roul\u00e9 d&rsquo;une consultation"},"content":{"rendered":"\t\t<div data-elementor-type=\"wp-page\" data-elementor-id=\"151\" class=\"elementor elementor-151\">\n\t\t\t\t<div class=\"elementor-element elementor-element-34ce981 e-flex e-con-boxed e-con e-parent\" data-id=\"34ce981\" data-element_type=\"container\" data-e-type=\"container\">\n\t\t\t\t\t<div class=\"e-con-inner\">\n\t\t<div class=\"elementor-element elementor-element-167b29b e-con-full e-flex e-con e-parent\" data-id=\"167b29b\" data-element_type=\"container\" data-e-type=\"container\">\n\t\t\t\t<div class=\"elementor-element elementor-element-cbfc44f elementor-widget elementor-widget-image\" data-id=\"cbfc44f\" data-element_type=\"widget\" data-e-type=\"widget\" data-widget_type=\"image.default\">\n\t\t\t\t<div class=\"elementor-widget-container\">\n\t\t\t\t\t\t\t\t\t\t\t\t\t\t\t<img fetchpriority=\"high\" decoding=\"async\" width=\"768\" height=\"488\" src=\"https:\/\/bcestre.fr\/wp-content\/uploads\/2022\/08\/job-interview-g15e76a72e_1920-768x488.jpg\" class=\"attachment-medium_large size-medium_large wp-image-196\" alt=\"\" srcset=\"https:\/\/bcestre.fr\/wp-content\/uploads\/2022\/08\/job-interview-g15e76a72e_1920-768x488.jpg 768w, https:\/\/bcestre.fr\/wp-content\/uploads\/2022\/08\/job-interview-g15e76a72e_1920-300x191.jpg 300w, https:\/\/bcestre.fr\/wp-content\/uploads\/2022\/08\/job-interview-g15e76a72e_1920-1024x651.jpg 1024w, https:\/\/bcestre.fr\/wp-content\/uploads\/2022\/08\/job-interview-g15e76a72e_1920-1536x976.jpg 1536w, https:\/\/bcestre.fr\/wp-content\/uploads\/2022\/08\/job-interview-g15e76a72e_1920-94x60.jpg 94w, https:\/\/bcestre.fr\/wp-content\/uploads\/2022\/08\/job-interview-g15e76a72e_1920.jpg 1920w\" sizes=\"(max-width: 768px) 100vw, 768px\" \/>\t\t\t\t\t\t\t\t\t\t\t\t\t\t\t<\/div>\n\t\t\t\t<\/div>\n\t\t\t\t<\/div>\n\t\t<div class=\"elementor-element elementor-element-076dde4 e-con-full e-flex e-con e-parent\" data-id=\"076dde4\" data-element_type=\"container\" data-e-type=\"container\">\n\t\t\t\t<div class=\"elementor-element elementor-element-99a47c6 e-transform elementor-invisible elementor-widget elementor-widget-text-editor\" data-id=\"99a47c6\" data-element_type=\"widget\" data-e-type=\"widget\" data-settings=\"{&quot;_animation&quot;:&quot;fadeInLeft&quot;,&quot;_transform_rotateZ_effect&quot;:{&quot;unit&quot;:&quot;px&quot;,&quot;size&quot;:&quot;&quot;,&quot;sizes&quot;:[]},&quot;_transform_rotateZ_effect_tablet&quot;:{&quot;unit&quot;:&quot;deg&quot;,&quot;size&quot;:&quot;&quot;,&quot;sizes&quot;:[]},&quot;_transform_rotateZ_effect_mobile&quot;:{&quot;unit&quot;:&quot;deg&quot;,&quot;size&quot;:&quot;&quot;,&quot;sizes&quot;:[]}}\" data-widget_type=\"text-editor.default\">\n\t\t\t\t<div class=\"elementor-widget-container\">\n\t\t\t\t\t\t\t\t\t<ul><li><b>L\u2019Anamn\u00e8se <\/b>:<\/li><\/ul><p>La consultation commence par une phase d\u2019entretien, au cours de laquelle vous m&rsquo;expliquerez la raison de votre visite. Ensemble, nous d\u00e9taillerons vos sympt\u00f4mes, s\u2019il y en a, et feront \u00e9galement un point sur votre \u00e9tat de sant\u00e9 g\u00e9n\u00e9ral, vos ant\u00e9c\u00e9dents traumatiques, chirurgicaux, m\u00e9dicaux etc. Cet entretien est primordial car il me permet d&rsquo;orienter mon diagnostic ost\u00e9opathique et surtout de m\u2019assurer que votre prise en charge rel\u00e8ve bien de la comp\u00e9tence de l&rsquo;ost\u00e9opathe.\u00a0<\/p>\t\t\t\t\t\t\t\t<\/div>\n\t\t\t\t<\/div>\n\t\t\t\t<\/div>\n\t\t\t\t\t<\/div>\n\t\t\t\t<\/div>\n\t\t<div class=\"elementor-element elementor-element-a323494 e-flex e-con-boxed e-con e-parent\" data-id=\"a323494\" data-element_type=\"container\" data-e-type=\"container\">\n\t\t\t\t\t<div class=\"e-con-inner\">\n\t\t<div class=\"elementor-element elementor-element-a075c31 e-con-full e-flex e-con e-parent\" data-id=\"a075c31\" data-element_type=\"container\" data-e-type=\"container\">\n\t\t\t\t<div class=\"elementor-element elementor-element-250811e elementor-invisible elementor-widget elementor-widget-text-editor\" data-id=\"250811e\" data-element_type=\"widget\" data-e-type=\"widget\" data-settings=\"{&quot;_animation&quot;:&quot;fadeInDown&quot;}\" data-widget_type=\"text-editor.default\">\n\t\t\t\t<div class=\"elementor-widget-container\">\n\t\t\t\t\t\t\t\t\t<ul><li><b>Observation et tests ost\u00e9opathiques\u00a0:<\/b><\/li><\/ul><p>La consultation se poursuit ensuite par une phase d\u2019observation, debout, qui me permet d\u2019analyser votre posture. Puis, je vous demanderai de r\u00e9aliser quelques mouvements tr\u00e8s simples afin d\u2019\u00e9valuer globalement la mobilit\u00e9 de votre corps.<\/p><p>Je vous inviterai alors \u00e0 vous installer sur la table afin de poursuivre les tests ost\u00e9opathiques et d\u00e9terminer les zones pr\u00e9sentant les restrictions de mobilit\u00e9 qui pourraient \u00eatre \u00e0 l\u2019origine de vos douleurs.<\/p>\t\t\t\t\t\t\t\t<\/div>\n\t\t\t\t<\/div>\n\t\t\t\t<\/div>\n\t\t<div class=\"elementor-element elementor-element-c1cae98 e-con-full e-flex e-con e-parent\" data-id=\"c1cae98\" data-element_type=\"container\" data-e-type=\"container\">\n\t\t\t\t<div class=\"elementor-element elementor-element-cfbdf5e elementor-widget elementor-widget-image\" data-id=\"cfbdf5e\" data-element_type=\"widget\" data-e-type=\"widget\" data-widget_type=\"image.default\">\n\t\t\t\t<div class=\"elementor-widget-container\">\n\t\t\t\t\t\t\t\t\t\t\t\t\t\t\t<img decoding=\"async\" width=\"200\" height=\"300\" src=\"https:\/\/bcestre.fr\/wp-content\/uploads\/2022\/08\/pexels-juan-pablo-serrano-arenas-1081672-200x300.jpg\" class=\"attachment-medium size-medium wp-image-204\" alt=\"\" srcset=\"https:\/\/bcestre.fr\/wp-content\/uploads\/2022\/08\/pexels-juan-pablo-serrano-arenas-1081672-200x300.jpg 200w, https:\/\/bcestre.fr\/wp-content\/uploads\/2022\/08\/pexels-juan-pablo-serrano-arenas-1081672-683x1024.jpg 683w, https:\/\/bcestre.fr\/wp-content\/uploads\/2022\/08\/pexels-juan-pablo-serrano-arenas-1081672-768x1152.jpg 768w, https:\/\/bcestre.fr\/wp-content\/uploads\/2022\/08\/pexels-juan-pablo-serrano-arenas-1081672-1024x1536.jpg 1024w, https:\/\/bcestre.fr\/wp-content\/uploads\/2022\/08\/pexels-juan-pablo-serrano-arenas-1081672-1365x2048.jpg 1365w, https:\/\/bcestre.fr\/wp-content\/uploads\/2022\/08\/pexels-juan-pablo-serrano-arenas-1081672-40x60.jpg 40w, https:\/\/bcestre.fr\/wp-content\/uploads\/2022\/08\/pexels-juan-pablo-serrano-arenas-1081672-scaled.jpg 1707w\" sizes=\"(max-width: 200px) 100vw, 200px\" \/>\t\t\t\t\t\t\t\t\t\t\t\t\t\t\t<\/div>\n\t\t\t\t<\/div>\n\t\t\t\t<\/div>\n\t\t\t\t\t<\/div>\n\t\t\t\t<\/div>\n\t\t<div class=\"elementor-element elementor-element-07b8653 e-flex e-con-boxed e-con e-parent\" data-id=\"07b8653\" data-element_type=\"container\" data-e-type=\"container\">\n\t\t\t\t\t<div class=\"e-con-inner\">\n\t\t<div class=\"elementor-element elementor-element-7744f7e e-con-full e-flex e-con e-parent\" data-id=\"7744f7e\" data-element_type=\"container\" data-e-type=\"container\">\n\t\t\t\t<div class=\"elementor-element elementor-element-3edb468 elementor-widget elementor-widget-image\" data-id=\"3edb468\" data-element_type=\"widget\" data-e-type=\"widget\" data-widget_type=\"image.default\">\n\t\t\t\t<div class=\"elementor-widget-container\">\n\t\t\t\t\t\t\t\t\t\t\t\t\t\t\t<img decoding=\"async\" width=\"300\" height=\"212\" src=\"https:\/\/bcestre.fr\/wp-content\/uploads\/2022\/08\/knee-gf346e6055_1920-300x212.jpg\" class=\"attachment-medium size-medium wp-image-179\" alt=\"\" srcset=\"https:\/\/bcestre.fr\/wp-content\/uploads\/2022\/08\/knee-gf346e6055_1920-300x212.jpg 300w, https:\/\/bcestre.fr\/wp-content\/uploads\/2022\/08\/knee-gf346e6055_1920-1024x724.jpg 1024w, https:\/\/bcestre.fr\/wp-content\/uploads\/2022\/08\/knee-gf346e6055_1920-768x543.jpg 768w, https:\/\/bcestre.fr\/wp-content\/uploads\/2022\/08\/knee-gf346e6055_1920-1536x1086.jpg 1536w, https:\/\/bcestre.fr\/wp-content\/uploads\/2022\/08\/knee-gf346e6055_1920-85x60.jpg 85w, https:\/\/bcestre.fr\/wp-content\/uploads\/2022\/08\/knee-gf346e6055_1920.jpg 1920w\" sizes=\"(max-width: 300px) 100vw, 300px\" \/>\t\t\t\t\t\t\t\t\t\t\t\t\t\t\t<\/div>\n\t\t\t\t<\/div>\n\t\t\t\t<\/div>\n\t\t<div class=\"elementor-element elementor-element-68f56a3 e-con-full e-flex e-con e-parent\" data-id=\"68f56a3\" data-element_type=\"container\" data-e-type=\"container\">\n\t\t\t\t<div class=\"elementor-element elementor-element-8ccf7a2 elementor-invisible elementor-widget elementor-widget-text-editor\" data-id=\"8ccf7a2\" data-element_type=\"widget\" data-e-type=\"widget\" data-settings=\"{&quot;_animation&quot;:&quot;fadeInUp&quot;}\" data-widget_type=\"text-editor.default\">\n\t\t\t\t<div class=\"elementor-widget-container\">\n\t\t\t\t\t\t\t\t\t<ul>\n<li><b>Traitement&nbsp;<\/b>:<\/li>\n<\/ul>\n<p>Une fois ces zones identifi\u00e9es, je mettrai alors en place, avec votre accord, le traitement le plus adapt\u00e9 pour vous, par l\u2019utilisation de diverses techniques (structurelles, visc\u00e9rales, tissulaires, cr\u00e2niennes etc..). L\u2019objectif est de redonner un maximum de mobilit\u00e9 \u00e0 votre corps afin qu\u2019il r\u00e9tablisse un \u00e9quilibre, sans contraintes, et ainsi diminuer vos douleurs, s\u2019il y en a&nbsp;!<\/p>\t\t\t\t\t\t\t\t<\/div>\n\t\t\t\t<\/div>\n\t\t\t\t<\/div>\n\t\t\t\t\t<\/div>\n\t\t\t\t<\/div>\n\t\t<div class=\"elementor-element elementor-element-f604669 e-flex e-con-boxed e-con e-parent\" data-id=\"f604669\" data-element_type=\"container\" data-e-type=\"container\">\n\t\t\t\t\t<div class=\"e-con-inner\">\n\t\t<div class=\"elementor-element elementor-element-64b0ce9 e-con-full e-flex e-con e-parent\" data-id=\"64b0ce9\" data-element_type=\"container\" data-e-type=\"container\">\n\t\t\t\t<div class=\"elementor-element elementor-element-435a04e elementor-invisible elementor-widget elementor-widget-text-editor\" data-id=\"435a04e\" data-element_type=\"widget\" data-e-type=\"widget\" data-settings=\"{&quot;_animation&quot;:&quot;fadeInLeft&quot;}\" data-widget_type=\"text-editor.default\">\n\t\t\t\t<div class=\"elementor-widget-container\">\n\t\t\t\t\t\t\t\t\t<ul><li><b>Bilan et conseils\u00a0:<\/b><\/li><\/ul><p>Enfin, nous ferons un bilan de la consultation et \u00e9tablirons une strat\u00e9gie de traitement sur plusieurs s\u00e9ances, si n\u00e9cessaire.\u00a0 Je vous proposerai \u00e9galement des conseils et exercices \u00e0 mettre en place.<\/p>\t\t\t\t\t\t\t\t<\/div>\n\t\t\t\t<\/div>\n\t\t\t\t<\/div>\n\t\t<div class=\"elementor-element elementor-element-71fc9bc e-con-full e-flex e-con e-parent\" data-id=\"71fc9bc\" data-element_type=\"container\" data-e-type=\"container\">\n\t\t\t\t<div class=\"elementor-element elementor-element-6c1fbc0 elementor-widget elementor-widget-image\" data-id=\"6c1fbc0\" data-element_type=\"widget\" data-e-type=\"widget\" data-widget_type=\"image.default\">\n\t\t\t\t<div class=\"elementor-widget-container\">\n\t\t\t\t\t\t\t\t\t\t\t\t\t\t\t<img loading=\"lazy\" decoding=\"async\" width=\"200\" height=\"300\" src=\"https:\/\/bcestre.fr\/wp-content\/uploads\/2022\/08\/pexels-mikhail-nilov-7530370-200x300.jpg\" class=\"attachment-medium size-medium wp-image-205\" alt=\"\" srcset=\"https:\/\/bcestre.fr\/wp-content\/uploads\/2022\/08\/pexels-mikhail-nilov-7530370-200x300.jpg 200w, https:\/\/bcestre.fr\/wp-content\/uploads\/2022\/08\/pexels-mikhail-nilov-7530370-683x1024.jpg 683w, https:\/\/bcestre.fr\/wp-content\/uploads\/2022\/08\/pexels-mikhail-nilov-7530370-768x1152.jpg 768w, https:\/\/bcestre.fr\/wp-content\/uploads\/2022\/08\/pexels-mikhail-nilov-7530370-1024x1536.jpg 1024w, https:\/\/bcestre.fr\/wp-content\/uploads\/2022\/08\/pexels-mikhail-nilov-7530370-1365x2048.jpg 1365w, https:\/\/bcestre.fr\/wp-content\/uploads\/2022\/08\/pexels-mikhail-nilov-7530370-40x60.jpg 40w, https:\/\/bcestre.fr\/wp-content\/uploads\/2022\/08\/pexels-mikhail-nilov-7530370-scaled.jpg 1707w\" sizes=\"(max-width: 200px) 100vw, 200px\" \/>\t\t\t\t\t\t\t\t\t\t\t\t\t\t\t<\/div>\n\t\t\t\t<\/div>\n\t\t\t\t<\/div>\n\t\t\t\t\t<\/div>\n\t\t\t\t<\/div>\n\t\t\t\t<\/div>\n\t\t","protected":false},"excerpt":{"rendered":"<p>L\u2019Anamn\u00e8se : La consultation commence par une phase d\u2019entretien, au cours de laquelle vous m&rsquo;expliquerez la raison de votre visite. Ensemble, nous d\u00e9taillerons vos sympt\u00f4mes, s\u2019il y en a, et &hellip; <\/p>\n","protected":false},"author":1,"featured_media":0,"parent":0,"menu_order":0,"comment_status":"closed","ping_status":"closed","template":"","meta":{"footnotes":""},"class_list":["post-151","page","type-page","status-publish","hentry"],"_links":{"self":[{"href":"https:\/\/bcestre.fr\/index.php?rest_route=\/wp\/v2\/pages\/151","targetHints":{"allow":["GET"]}}],"collection":[{"href":"https:\/\/bcestre.fr\/index.php?rest_route=\/wp\/v2\/pages"}],"about":[{"href":"https:\/\/bcestre.fr\/index.php?rest_route=\/wp\/v2\/types\/page"}],"author":[{"embeddable":true,"href":"https:\/\/bcestre.fr\/index.php?rest_route=\/wp\/v2\/users\/1"}],"replies":[{"embeddable":true,"href":"https:\/\/bcestre.fr\/index.php?rest_route=%2Fwp%2Fv2%2Fcomments&post=151"}],"version-history":[{"count":43,"href":"https:\/\/bcestre.fr\/index.php?rest_route=\/wp\/v2\/pages\/151\/revisions"}],"predecessor-version":[{"id":632,"href":"https:\/\/bcestre.fr\/index.php?rest_route=\/wp\/v2\/pages\/151\/revisions\/632"}],"wp:attachment":[{"href":"https:\/\/bcestre.fr\/index.php?rest_route=%2Fwp%2Fv2%2Fmedia&parent=151"}],"curies":[{"name":"wp","href":"https:\/\/api.w.org\/{rel}","templated":true}]}}